{"id":3661,"date":"2020-01-08T14:59:36","date_gmt":"2020-01-08T13:59:36","guid":{"rendered":"https:\/\/www.etangdutrefle.com\/reglements\/"},"modified":"2025-02-21T08:57:10","modified_gmt":"2025-02-21T07:57:10","slug":"reglements","status":"publish","type":"page","link":"https:\/\/www.etangdutrefle.com\/fr\/reglements\/","title":{"rendered":"R\u00e8glements"},"content":{"rendered":"\t\t<div data-elementor-type=\"wp-post\" data-elementor-id=\"3661\" class=\"elementor elementor-3661 elementor-174\">\n\t\t\t\t\t\t<section class=\"elementor-section elementor-top-section elementor-element elementor-element-09b5bc7 elementor-section-full_width elementor-section-height-default elementor-section-height-default\" data-id=\"09b5bc7\" data-element_type=\"section\" data-settings=\"{&quot;jet_parallax_layout_list&quot;:[{&quot;jet_parallax_layout_image&quot;:{&quot;url&quot;:&quot;&quot;,&quot;id&quot;:&quot;&quot;,&quot;size&quot;:&quot;&quot;},&quot;_id&quot;:&quot;d2b262a&quot;,&quot;jet_parallax_layout_speed&quot;:{&quot;unit&quot;:&quot;%&quot;,&quot;size&quot;:50,&quot;sizes&quot;:[]},&quot;jet_parallax_layout_image_tablet&quot;:{&quot;url&quot;:&quot;&quot;,&quot;id&quot;:&quot;&quot;,&quot;size&quot;:&quot;&quot;},&quot;jet_parallax_layout_image_mobile&quot;:{&quot;url&quot;:&quot;&quot;,&quot;id&quot;:&quot;&quot;,&quot;size&quot;:&quot;&quot;},&quot;jet_parallax_layout_type&quot;:&quot;scroll&quot;,&quot;jet_parallax_layout_direction&quot;:&quot;1&quot;,&quot;jet_parallax_layout_fx_direction&quot;:null,&quot;jet_parallax_layout_z_index&quot;:&quot;&quot;,&quot;jet_parallax_layout_bg_x&quot;:50,&quot;jet_parallax_layout_bg_x_tablet&quot;:&quot;&quot;,&quot;jet_parallax_layout_bg_x_mobile&quot;:&quot;&quot;,&quot;jet_parallax_layout_bg_y&quot;:50,&quot;jet_parallax_layout_bg_y_tablet&quot;:&quot;&quot;,&quot;jet_parallax_layout_bg_y_mobile&quot;:&quot;&quot;,&quot;jet_parallax_layout_bg_size&quot;:&quot;auto&quot;,&quot;jet_parallax_layout_bg_size_tablet&quot;:&quot;&quot;,&quot;jet_parallax_layout_bg_size_mobile&quot;:&quot;&quot;,&quot;jet_parallax_layout_animation_prop&quot;:&quot;transform&quot;,&quot;jet_parallax_layout_on&quot;:[&quot;desktop&quot;,&quot;tablet&quot;]}]}\">\n\t\t\t\t\t\t<div class=\"elementor-container elementor-column-gap-no\">\n\t\t\t\t\t<div class=\"elementor-column elementor-col-100 elementor-top-column elementor-element elementor-element-25c5b38\" data-id=\"25c5b38\" data-element_type=\"column\">\n\t\t\t<div class=\"elementor-widget-wrap elementor-element-populated\">\n\t\t\t\t\t\t<div class=\"elementor-element elementor-element-32a52ff elementor-invisible elementor-widget elementor-widget-heading\" data-id=\"32a52ff\" data-element_type=\"widget\" data-settings=\"{&quot;_animation&quot;:&quot;fadeInDown&quot;}\" data-widget_type=\"heading.default\">\n\t\t\t\t<div class=\"elementor-widget-container\">\n\t\t\t\t\t<h2 class=\"elementor-heading-title elementor-size-default\">Vorowaarden<\/h2>\t\t\t\t<\/div>\n\t\t\t\t<\/div>\n\t\t\t\t<div class=\"elementor-element elementor-element-d486fbe elementor-widget elementor-widget-heading\" data-id=\"d486fbe\" data-element_type=\"widget\" data-widget_type=\"heading.default\">\n\t\t\t\t<div class=\"elementor-widget-container\">\n\t\t\t\t\t<h2 class=\"elementor-heading-title elementor-size-default\">R\u00c8GLEMENTS<\/h2>\t\t\t\t<\/div>\n\t\t\t\t<\/div>\n\t\t\t\t\t<\/div>\n\t\t<\/div>\n\t\t\t\t\t<\/div>\n\t\t<\/section>\n\t\t\t\t<section class=\"elementor-section elementor-top-section elementor-element elementor-element-f3105f8 elementor-section-full_width elementor-section-height-default elementor-section-height-default\" data-id=\"f3105f8\" data-element_type=\"section\" data-settings=\"{&quot;jet_parallax_layout_list&quot;:[{&quot;jet_parallax_layout_image&quot;:{&quot;url&quot;:&quot;&quot;,&quot;id&quot;:&quot;&quot;,&quot;size&quot;:&quot;&quot;},&quot;_id&quot;:&quot;d2b262a&quot;,&quot;jet_parallax_layout_speed&quot;:{&quot;unit&quot;:&quot;%&quot;,&quot;size&quot;:50,&quot;sizes&quot;:[]},&quot;jet_parallax_layout_image_tablet&quot;:{&quot;url&quot;:&quot;&quot;,&quot;id&quot;:&quot;&quot;,&quot;size&quot;:&quot;&quot;},&quot;jet_parallax_layout_image_mobile&quot;:{&quot;url&quot;:&quot;&quot;,&quot;id&quot;:&quot;&quot;,&quot;size&quot;:&quot;&quot;},&quot;jet_parallax_layout_type&quot;:&quot;scroll&quot;,&quot;jet_parallax_layout_direction&quot;:&quot;1&quot;,&quot;jet_parallax_layout_fx_direction&quot;:null,&quot;jet_parallax_layout_z_index&quot;:&quot;&quot;,&quot;jet_parallax_layout_bg_x&quot;:50,&quot;jet_parallax_layout_bg_x_tablet&quot;:&quot;&quot;,&quot;jet_parallax_layout_bg_x_mobile&quot;:&quot;&quot;,&quot;jet_parallax_layout_bg_y&quot;:50,&quot;jet_parallax_layout_bg_y_tablet&quot;:&quot;&quot;,&quot;jet_parallax_layout_bg_y_mobile&quot;:&quot;&quot;,&quot;jet_parallax_layout_bg_size&quot;:&quot;auto&quot;,&quot;jet_parallax_layout_bg_size_tablet&quot;:&quot;&quot;,&quot;jet_parallax_layout_bg_size_mobile&quot;:&quot;&quot;,&quot;jet_parallax_layout_animation_prop&quot;:&quot;transform&quot;,&quot;jet_parallax_layout_on&quot;:[&quot;desktop&quot;,&quot;tablet&quot;]}]}\">\n\t\t\t\t\t\t<div class=\"elementor-container elementor-column-gap-no\">\n\t\t\t\t\t<div class=\"elementor-column elementor-col-100 elementor-top-column elementor-element elementor-element-4c3d8e3\" data-id=\"4c3d8e3\" data-element_type=\"column\">\n\t\t\t<div class=\"elementor-widget-wrap elementor-element-populated\">\n\t\t\t\t\t\t<div class=\"elementor-element elementor-element-8d1e86e elementor-widget elementor-widget-spacer\" data-id=\"8d1e86e\" data-element_type=\"widget\" data-widget_type=\"spacer.default\">\n\t\t\t\t<div class=\"elementor-widget-container\">\n\t\t\t\t\t\t\t<div class=\"elementor-spacer\">\n\t\t\t<div class=\"elementor-spacer-inner\"><\/div>\n\t\t<\/div>\n\t\t\t\t\t\t<\/div>\n\t\t\t\t<\/div>\n\t\t\t\t<div class=\"elementor-element elementor-element-c30a79e elementor-widget elementor-widget-text-editor\" data-id=\"c30a79e\" data-element_type=\"widget\" data-widget_type=\"text-editor.default\">\n\t\t\t\t<div class=\"elementor-widget-container\">\n\t\t\t\t\t\t\t\t\t<ol><li>Le propri\u00e9taire vous demande d&rsquo;envoyer un Whatsapp ou un SMS \u00e0 votre arriv\u00e9e \u00e0 Vailly-sur-Aisne. Ensuite, attendez le concierge \u00e0 l&rsquo;enseigne de la soci\u00e9t\u00e9 de transport \u00ab\u00a0EUROPE BOIS\u00a0\u00bb \u00e0 02370 Chassemy. Versez-lui une caution de 50 \u20ac par personne, \u00e0 l&rsquo;arriv\u00e9e.<\/li><li>Chaque p\u00eacheur doit \u00eatre en possession d&rsquo;une confirmation de r\u00e9servation valide.<\/li><li>La p\u00eache est autoris\u00e9e 24 heures sur 24 selon la devise \u00ab\u00a0catch-and-release\u00a0\u00bb.<\/li><li>Chaque p\u00eacheur peut utiliser 3 cannes. Les tentes ou les bivouacs doivent \u00eatre verts ou de couleur neutre.<\/li><li>Ne sont pas autoris\u00e9s : les hame\u00e7ons de type crochet coud\u00e9, les lignes principales en mat\u00e9riau tress\u00e9 et les cacahu\u00e8tes.<\/li><li>Vous \u00eates autoris\u00e9 \u00e0 d\u00e9barquer votre propre bateau, \u00e0 poser des balises et \u00e0 lancer des lignes. Les bateaux d&rsquo;alimentation t\u00e9l\u00e9guid\u00e9s sont \u00e9galement autoris\u00e9s. Vous ne devez pas d\u00e9passer les limites de la coupe lorsque vous naviguez vers l&rsquo;ext\u00e9rieur. L&rsquo;utilisation des bateaux se fait \u00e0 vos risques et p\u00e9rils. L&rsquo;utilisation de poids sup\u00e9rieurs est fortement recommand\u00e9e en raison de l&rsquo;utilisation de bateaux.<\/li><li>Les montages autoris\u00e9s sont les suivants : montages en plomb sans danger pour la carpe (montages \u00e0 boulon de s\u00e9curit\u00e9), hame\u00e7ons simples sans ardillon et lignes principales en nylon. La sous-ligne peut \u00eatre tress\u00e9e, mais elle doit \u00eatre plus faible que la ligne principale.<\/li><li>Chaque p\u00eacheur doit disposer d&rsquo;une \u00e9puisette d&rsquo;au moins 90 cm d&rsquo;ouverture, d&rsquo;un grand tapis de d\u00e9crochage d&rsquo;au moins 4 cm d&rsquo;\u00e9paisseur, d&rsquo;au moins 60 cm de large et 90 cm de long, d&rsquo;un sac de pes\u00e9e et d&rsquo;un d\u00e9sinfectant pour les poissons captur\u00e9s. (Klinic)<\/li><li>L&rsquo;utilisation de sacs de rangement est strictement interdite \u00e0 tout moment.<\/li><li>Le marquage ou la capture intentionnels de poissons entra\u00eeneront une d\u00e9nonciation imm\u00e9diate \u00e0 la police (gendarmerie) et la confiscation de tous les engins de p\u00eache des p\u00eacheurs concern\u00e9s.<\/li><li>Les p\u00eacheurs doivent rel\u00e2cher leurs prises avec le plus grand soin. Le transport de sp\u00e9cimens est interdit.<\/li><li>Le domaine n&rsquo;ayant pas de licence de camping, les caravanes et les camping-cars ne sont pas autoris\u00e9s.<\/li><li>L&rsquo;acc\u00e8s au site en voiture est autoris\u00e9.<\/li><li>Il est demand\u00e9 \u00e0 chacun de respecter la nature, la tranquillit\u00e9 et la propret\u00e9. Il s&rsquo;agit principalement de l&rsquo;utilisation d&rsquo;installations sanitaires et de la propret\u00e9 sur et autour des d\u00e9coupes. Vous devez d\u00e9poser toutes les salet\u00e9s s\u00e9par\u00e9ment dans des sacs poubelles et ne pas faire de bruit inutile. Vous \u00eates pri\u00e9s d&rsquo;utiliser correctement les toilettes et les poubelles.<\/li><li>Tri des d\u00e9chets : s\u00e9parer le verre du plastique et du papier.<\/li><li>Les chiens sont autoris\u00e9s \u00e0 \u00eatre tenus en laisse et il est interdit de faire des feux ouverts. L&rsquo;utilisation d&rsquo;appareils \u00e0 gaz de camping et de barbecues sur les pieds est autoris\u00e9e.<\/li><li>La caution (50 euros) vers\u00e9e \u00e0 l&rsquo;arriv\u00e9e peut \u00eatre retenue en cas de violation r\u00e9p\u00e9t\u00e9e du pr\u00e9sent r\u00e8glement.<\/li><li>Arriv\u00e9e : 10:00h. D\u00e9part : 10h00. Entre 21h00 et 07h00, il est interdit de conduire une voiture sur le domaine.<\/li><li>La surveillance du domaine est assur\u00e9e par le gardien du domaine. 18. Le propri\u00e9taire d\u00e9cline toute responsabilit\u00e9 en cas d&rsquo;accident, de vol, d&rsquo;incendie et d&rsquo;autres \u00e9v\u00e9nements. Les invit\u00e9s doivent avoir une assurance familiale ou une assurance voyage.<\/li><li>Tout dommage caus\u00e9 aux \u00e9quipements disponibles \u00e0 l&rsquo;Etang du Trefle sera factur\u00e9.<\/li><li>Un acompte de 50 % est demand\u00e9.<\/li><li>Si vous annulez dans les 48 heures suivant la r\u00e9servation, vous obtiendrez un remboursement \u00e0 100 % de ce que vous avez pay\u00e9. En cas d&rsquo;annulation 8 jours avant la date de r\u00e9servation, vous serez rembours\u00e9 \u00e0 hauteur de 50 %. Cette r\u00e9servation ne sera pas rembours\u00e9e si vous annulez moins de 8 jours avant la date de la r\u00e9servation.<\/li><\/ol>\t\t\t\t\t\t\t\t<\/div>\n\t\t\t\t<\/div>\n\t\t\t\t<div class=\"elementor-element elementor-element-55068b9 elementor-widget elementor-widget-spacer\" data-id=\"55068b9\" data-element_type=\"widget\" data-widget_type=\"spacer.default\">\n\t\t\t\t<div class=\"elementor-widget-container\">\n\t\t\t\t\t\t\t<div class=\"elementor-spacer\">\n\t\t\t<div class=\"elementor-spacer-inner\"><\/div>\n\t\t<\/div>\n\t\t\t\t\t\t<\/div>\n\t\t\t\t<\/div>\n\t\t\t\t\t<\/div>\n\t\t<\/div>\n\t\t\t\t\t<\/div>\n\t\t<\/section>\n\t\t\t\t<\/div>\n\t\t","protected":false},"excerpt":{"rendered":"<p>Vorowaarden R\u00c8GLEMENTS Le propri\u00e9taire vous demande d&rsquo;envoyer un Whatsapp ou un SMS \u00e0 votre arriv\u00e9e \u00e0 Vailly-sur-Aisne. Ensuite, attendez le concierge \u00e0 l&rsquo;enseigne de la soci\u00e9t\u00e9 de transport \u00ab\u00a0EUROPE BOIS\u00a0\u00bb \u00e0 02370 Chassemy. Versez-lui une caution de 50 \u20ac par personne, \u00e0 l&rsquo;arriv\u00e9e. Chaque p\u00eacheur doit \u00eatre en possession d&rsquo;une confirmation de r\u00e9servation valide. La [&hellip;]<\/p>\n","protected":false},"author":1,"featured_media":0,"parent":0,"menu_order":0,"comment_status":"closed","ping_status":"closed","template":"page-templates\/fullwidth-content.php","meta":{"_monsterinsights_skip_tracking":false,"_monsterinsights_sitenote_active":false,"_monsterinsights_sitenote_note":"","_monsterinsights_sitenote_category":0,"footnotes":""},"class_list":["post-3661","page","type-page","status-publish","hentry"],"_links":{"self":[{"href":"https:\/\/www.etangdutrefle.com\/fr\/wp-json\/wp\/v2\/pages\/3661","targetHints":{"allow":["GET"]}}],"collection":[{"href":"https:\/\/www.etangdutrefle.com\/fr\/wp-json\/wp\/v2\/pages"}],"about":[{"href":"https:\/\/www.etangdutrefle.com\/fr\/wp-json\/wp\/v2\/types\/page"}],"author":[{"embeddable":true,"href":"https:\/\/www.etangdutrefle.com\/fr\/wp-json\/wp\/v2\/users\/1"}],"replies":[{"embeddable":true,"href":"https:\/\/www.etangdutrefle.com\/fr\/wp-json\/wp\/v2\/comments?post=3661"}],"version-history":[{"count":1,"href":"https:\/\/www.etangdutrefle.com\/fr\/wp-json\/wp\/v2\/pages\/3661\/revisions"}],"predecessor-version":[{"id":3663,"href":"https:\/\/www.etangdutrefle.com\/fr\/wp-json\/wp\/v2\/pages\/3661\/revisions\/3663"}],"wp:attachment":[{"href":"https:\/\/www.etangdutrefle.com\/fr\/wp-json\/wp\/v2\/media?parent=3661"}],"curies":[{"name":"wp","href":"https:\/\/api.w.org\/{rel}","templated":true}]}}